{"id":12,"date":"2025-08-31T14:19:37","date_gmt":"2025-08-31T14:19:37","guid":{"rendered":"https:\/\/www.funlovinteachers.pl\/?page_id=12"},"modified":"2025-10-22T07:09:52","modified_gmt":"2025-10-22T07:09:52","slug":"strona-glowna","status":"publish","type":"page","link":"https:\/\/www.funlovinteachers.pl\/","title":{"rendered":"Strona g\u0142\u00f3wna &#8211; Korepetycje z j\u0119zyka angielskiego w Nysie Grzegorz Chodyniecki Fun Lovin&#8217; Teachers"},"content":{"rendered":"\n<p>Kursy z angielskiego Grzegorz Chodyniecki w Nysie &#8211; Fun Lovin&#8217; Teachers<\/p>\n","protected":false},"excerpt":{"rendered":"Kursy z angielskiego Grzegorz Chodyniecki w Nysie &#8211; Fun Lovin&#8217; Teachers","protected":false},"author":1,"featured_media":0,"parent":0,"menu_order":0,"comment_status":"closed","ping_status":"closed","template":"","meta":{"footnotes":""},"class_list":["post-12","page","type-page","status-publish","hentry"],"jetpack_sharing_enabled":true,"_links":{"self":[{"href":"https:\/\/www.funlovinteachers.pl\/index.php\/wp-json\/wp\/v2\/pages\/12","targetHints":{"allow":["GET"]}}],"collection":[{"href":"https:\/\/www.funlovinteachers.pl\/index.php\/wp-json\/wp\/v2\/pages"}],"about":[{"href":"https:\/\/www.funlovinteachers.pl\/index.php\/wp-json\/wp\/v2\/types\/page"}],"author":[{"embeddable":true,"href":"https:\/\/www.funlovinteachers.pl\/index.php\/wp-json\/wp\/v2\/users\/1"}],"replies":[{"embeddable":true,"href":"https:\/\/www.funlovinteachers.pl\/index.php\/wp-json\/wp\/v2\/comments?post=12"}],"version-history":[{"count":16,"href":"https:\/\/www.funlovinteachers.pl\/index.php\/wp-json\/wp\/v2\/pages\/12\/revisions"}],"predecessor-version":[{"id":79,"href":"https:\/\/www.funlovinteachers.pl\/index.php\/wp-json\/wp\/v2\/pages\/12\/revisions\/79"}],"wp:attachment":[{"href":"https:\/\/www.funlovinteachers.pl\/index.php\/wp-json\/wp\/v2\/media?parent=12"}],"curies":[{"name":"wp","href":"https:\/\/api.w.org\/{rel}","templated":true}]}}